{"id":3682,"date":"2025-08-23T17:22:00","date_gmt":"2025-08-23T15:22:00","guid":{"rendered":"https:\/\/cliniquedesacacias.ch\/?page_id=3682"},"modified":"2026-03-26T09:50:49","modified_gmt":"2026-03-26T08:50:49","slug":"https-cliniquedesacacias-ch-soins-du-corps-traitements-specifiques","status":"publish","type":"page","link":"https:\/\/cliniquedesacacias.ch\/en\/https-cliniquedesacacias-ch-soins-du-corps-traitements-specifiques","title":{"rendered":"Soins du corps &amp; traitements sp\u00e9cifiques"},"content":{"rendered":"\t\t<div data-elementor-type=\"wp-page\" data-elementor-id=\"3682\" class=\"elementor elementor-3682\">\n\t\t\t\t\t\t<section class=\"elementor-section elementor-top-section elementor-element elementor-element-25ab559 elementor-section-boxed elementor-section-height-default elementor-section-height-default exad-glass-effect-no exad-sticky-section-no\" data-id=\"25ab559\" data-element_type=\"section\" data-e-type=\"section\">\n\t\t\t\t\t\t<div class=\"elementor-container elementor-column-gap-default\">\n\t\t\t\t\t<div class=\"elementor-column elementor-col-50 elementor-top-column elementor-element elementor-element-26b6107 exad-glass-effect-no exad-sticky-section-no\" data-id=\"26b6107\" data-element_type=\"column\" data-e-type=\"column\">\n\t\t\t<div class=\"elementor-widget-wrap elementor-element-populated\">\n\t\t\t\t\t\t<div class=\"elementor-element elementor-element-70d59f4 exad-sticky-section-no exad-glass-effect-no elementor-widget elementor-widget-image\" data-id=\"70d59f4\" data-element_type=\"widget\" data-e-type=\"widget\" data-widget_type=\"image.default\">\n\t\t\t\t<div class=\"elementor-widget-container\">\n\t\t\t\t\t\t\t\t\t\t\t\t\t\t\t<img fetchpriority=\"high\" decoding=\"async\" width=\"1011\" height=\"686\" src=\"https:\/\/cliniquedesacacias.ch\/wp-content\/uploads\/2025\/08\/photo_2025-08-23-11.59.33.jpeg\" class=\"attachment-large size-large wp-image-3703\" alt=\"\" srcset=\"https:\/\/cliniquedesacacias.ch\/wp-content\/uploads\/2025\/08\/photo_2025-08-23-11.59.33.jpeg 1011w, https:\/\/cliniquedesacacias.ch\/wp-content\/uploads\/2025\/08\/photo_2025-08-23-11.59.33-300x204.jpeg 300w, https:\/\/cliniquedesacacias.ch\/wp-content\/uploads\/2025\/08\/photo_2025-08-23-11.59.33-768x521.jpeg 768w, https:\/\/cliniquedesacacias.ch\/wp-content\/uploads\/2025\/08\/photo_2025-08-23-11.59.33-18x12.jpeg 18w\" sizes=\"(max-width: 1011px) 100vw, 1011px\" \/>\t\t\t\t\t\t\t\t\t\t\t\t\t\t\t<\/div>\n\t\t\t\t<\/div>\n\t\t\t\t<div class=\"elementor-element elementor-element-3c9a944 exad-sticky-section-no exad-glass-effect-no elementor-widget elementor-widget-image\" data-id=\"3c9a944\" data-element_type=\"widget\" data-e-type=\"widget\" data-widget_type=\"image.default\">\n\t\t\t\t<div class=\"elementor-widget-container\">\n\t\t\t\t\t\t\t\t\t\t\t\t\t\t\t<img decoding=\"async\" width=\"556\" height=\"386\" src=\"https:\/\/cliniquedesacacias.ch\/wp-content\/uploads\/2025\/09\/Capture-decran-2025-09-21-a-15.46.07.png\" class=\"attachment-large size-large wp-image-3837\" alt=\"\" srcset=\"https:\/\/cliniquedesacacias.ch\/wp-content\/uploads\/2025\/09\/Capture-decran-2025-09-21-a-15.46.07.png 556w, https:\/\/cliniquedesacacias.ch\/wp-content\/uploads\/2025\/09\/Capture-decran-2025-09-21-a-15.46.07-300x208.png 300w, https:\/\/cliniquedesacacias.ch\/wp-content\/uploads\/2025\/09\/Capture-decran-2025-09-21-a-15.46.07-18x12.png 18w\" sizes=\"(max-width: 556px) 100vw, 556px\" \/>\t\t\t\t\t\t\t\t\t\t\t\t\t\t\t<\/div>\n\t\t\t\t<\/div>\n\t\t\t\t\t<\/div>\n\t\t<\/div>\n\t\t\t\t<div class=\"elementor-column elementor-col-50 elementor-top-column elementor-element elementor-element-1097dde exad-glass-effect-no exad-sticky-section-no\" data-id=\"1097dde\" data-element_type=\"column\" data-e-type=\"column\">\n\t\t\t<div class=\"elementor-widget-wrap elementor-element-populated\">\n\t\t\t\t\t\t<div class=\"elementor-element elementor-element-a15ddbc exad-sticky-section-no exad-glass-effect-no elementor-widget elementor-widget-text-editor\" data-id=\"a15ddbc\" data-element_type=\"widget\" data-e-type=\"widget\" data-widget_type=\"text-editor.default\">\n\t\t\t\t<div class=\"elementor-widget-container\">\n\t\t\t\t\t\t\t\t\t<h2 class=\"wp-block-heading\"><strong>\u00a0 \u00a0 \u00a0 \u00a0 \u00a0 Perte de cheveux &amp;\u00a0 \u00a0 \u00a0 \u00a0 \u00a0 Alop\u00e9cie\u00a0<\/strong><\/h2>\n<p><!-- \/wp:heading --><!-- wp:quote --><\/p>\n<blockquote class=\"wp-block-quote\">\n<p><!-- wp:paragraph {\"style\":{\"elements\":{\"link\":{\"color\":{\"text\":\"var:preset|color|ast-global-color-8\"}}}},\"textColor\":\"ast-global-color-8\"} --><\/p>\n<p class=\"has-ast-global-color-8-color has-text-color has-link-color\">La chute de cheveux touche\u00a0<strong>aussi bien les femmes que les hommes<\/strong>, \u00e0 diff\u00e9rents moments de la vie.<br \/>Stress, fatigue, hormones, g\u00e9n\u00e9tique ou changement de saison : les causes sont multiples et parfois difficiles \u00e0 vivre.<\/p>\n<p><!-- \/wp:paragraph --><\/p>\n<\/blockquote>\n<p><!-- \/wp:quote --><!-- wp:paragraph {\"style\":{\"elements\":{\"link\":{\"color\":{\"text\":\"var:preset|color|ast-global-color-8\"}}}},\"textColor\":\"ast-global-color-8\"} --><\/p>\n<p class=\"has-ast-global-color-8-color has-text-color has-link-color\">\u00c0 la Clinique des Acacias, nous proposons des traitements cibl\u00e9s pour\u00a0<strong>freiner la chute<\/strong>,\u00a0<strong>stimuler la repousse<\/strong>\u00a0et\u00a0<strong>renforcer le cuir chevelu<\/strong>, gr\u00e2ce \u00e0 des techniques m\u00e9dicales comme le\u00a0<strong>PRP<\/strong>, la\u00a0<strong>m\u00e9soth\u00e9rapie<\/strong>\u00a0ou la\u00a0<strong>photobiomodulation LED<\/strong>.<br \/>Chaque protocole est adapt\u00e9 selon votre profil, pour des r\u00e9sultats visibles et naturels.<\/p>\t\t\t\t\t\t\t\t<\/div>\n\t\t\t\t<\/div>\n\t\t\t\t\t<\/div>\n\t\t<\/div>\n\t\t\t\t\t<\/div>\n\t\t<\/section>\n\t\t\t\t<section class=\"elementor-section elementor-top-section elementor-element elementor-element-5df8bc1 elementor-section-boxed elementor-section-height-default elementor-section-height-default exad-glass-effect-no exad-sticky-section-no\" data-id=\"5df8bc1\" data-element_type=\"section\" data-e-type=\"section\">\n\t\t\t\t\t\t<div class=\"elementor-container elementor-column-gap-default\">\n\t\t\t\t\t<div class=\"elementor-column elementor-col-50 elementor-top-column elementor-element elementor-element-d2c43d0 exad-glass-effect-no exad-sticky-section-no\" data-id=\"d2c43d0\" data-element_type=\"column\" data-e-type=\"column\">\n\t\t\t<div class=\"elementor-widget-wrap elementor-element-populated\">\n\t\t\t\t\t\t<div class=\"elementor-element elementor-element-8c39ac3 exad-sticky-section-no exad-glass-effect-no elementor-widget elementor-widget-image\" data-id=\"8c39ac3\" data-element_type=\"widget\" data-e-type=\"widget\" data-widget_type=\"image.default\">\n\t\t\t\t<div class=\"elementor-widget-container\">\n\t\t\t\t\t\t\t\t\t\t\t\t\t\t\t<img decoding=\"async\" width=\"708\" height=\"1024\" src=\"https:\/\/cliniquedesacacias.ch\/wp-content\/uploads\/2025\/09\/Capture-decran-2025-09-21-a-15.47.56.png\" class=\"attachment-large size-large wp-image-3838\" alt=\"\" srcset=\"https:\/\/cliniquedesacacias.ch\/wp-content\/uploads\/2025\/09\/Capture-decran-2025-09-21-a-15.47.56.png 708w, https:\/\/cliniquedesacacias.ch\/wp-content\/uploads\/2025\/09\/Capture-decran-2025-09-21-a-15.47.56-207x300.png 207w, https:\/\/cliniquedesacacias.ch\/wp-content\/uploads\/2025\/09\/Capture-decran-2025-09-21-a-15.47.56-8x12.png 8w\" sizes=\"(max-width: 708px) 100vw, 708px\" \/>\t\t\t\t\t\t\t\t\t\t\t\t\t\t\t<\/div>\n\t\t\t\t<\/div>\n\t\t\t\t\t<\/div>\n\t\t<\/div>\n\t\t\t\t<div class=\"elementor-column elementor-col-50 elementor-top-column elementor-element elementor-element-e8535d4 exad-glass-effect-no exad-sticky-section-no\" data-id=\"e8535d4\" data-element_type=\"column\" data-e-type=\"column\">\n\t\t\t<div class=\"elementor-widget-wrap elementor-element-populated\">\n\t\t\t\t\t\t<div class=\"elementor-element elementor-element-c10e921 exad-sticky-section-no exad-glass-effect-no elementor-widget elementor-widget-spacer\" data-id=\"c10e921\" data-element_type=\"widget\" data-e-type=\"widget\" data-widget_type=\"spacer.default\">\n\t\t\t\t<div class=\"elementor-widget-container\">\n\t\t\t\t\t\t\t<div class=\"elementor-spacer\">\n\t\t\t<div class=\"elementor-spacer-inner\"><\/div>\n\t\t<\/div>\n\t\t\t\t\t\t<\/div>\n\t\t\t\t<\/div>\n\t\t\t\t<div class=\"elementor-element elementor-element-a3570dd exad-sticky-section-no exad-glass-effect-no elementor-widget elementor-widget-text-editor\" data-id=\"a3570dd\" data-element_type=\"widget\" data-e-type=\"widget\" data-widget_type=\"text-editor.default\">\n\t\t\t\t<div class=\"elementor-widget-container\">\n\t\t\t\t\t\t\t\t\t<h3 class=\"wp-block-heading has-ast-global-color-8-color has-text-color has-link-color\"><strong>Douleurs chroniques &amp; tensions corporelles<\/strong><\/h3>\n<p><!-- \/wp:heading --><!-- wp:quote --><\/p>\n<blockquote class=\"wp-block-quote\"><!-- wp:paragraph {\"style\":{\"elements\":{\"link\":{\"color\":{\"text\":\"var:preset|color|ast-global-color-8\"}}}},\"textColor\":\"ast-global-color-8\"} -->\n<p class=\"has-ast-global-color-8-color has-text-color has-link-color\">Le corps garde en m\u00e9moire bien des choses.<br \/>Le stress, les \u00e9motions refoul\u00e9es, les postures r\u00e9p\u00e9t\u00e9es peuvent g\u00e9n\u00e9rer des douleurs persistantes ou des tensions localis\u00e9es, parfois sans cause \u00e9vidente.<\/p>\n<!-- \/wp:paragraph --><\/blockquote>\n<p><!-- \/wp:quote --><!-- wp:paragraph {\"style\":{\"elements\":{\"link\":{\"color\":{\"text\":\"var:preset|color|ast-global-color-8\"}}}},\"textColor\":\"ast-global-color-8\"} --><\/p>\n<p class=\"has-ast-global-color-8-color has-text-color has-link-color\">\u00c0 la Clinique des Acacias, nous proposons des soins cibl\u00e9s pour\u00a0<strong>rel\u00e2cher les zones de tension<\/strong>,\u00a0<strong>apaiser le syst\u00e8me nerveux<\/strong>\u00a0et\u00a0<strong>soulager les douleurs chroniques<\/strong>, gr\u00e2ce \u00e0 une approche \u00e0 la fois corporelle et psychique.<br \/>Un apaisement global, en douceur.<\/p>\n<p><!-- \/wp:paragraph --><!-- wp:kadence\/column {\"borderWidth\":[\"\",\"\",\"\",\"\"],\"uniqueID\":\"3682_f9b39e-7b\"} --><\/p>\n<div class=\"wp-block-kadence-column kadence-column3682_f9b39e-7b\">\n<div class=\"kt-inside-inner-col\">\u00a0<\/div>\n<\/div>\t\t\t\t\t\t\t\t<\/div>\n\t\t\t\t<\/div>\n\t\t\t\t\t<\/div>\n\t\t<\/div>\n\t\t\t\t\t<\/div>\n\t\t<\/section>\n\t\t\t\t<\/div>\n\t\t","protected":false},"excerpt":{"rendered":"<p>\u00a0 \u00a0 \u00a0 \u00a0 \u00a0 Perte de cheveux &amp;\u00a0 \u00a0 \u00a0 \u00a0 \u00a0 Alop\u00e9cie\u00a0 La chute de cheveux touche\u00a0aussi bien les femmes que les hommes, \u00e0 diff\u00e9rents moments de la vie.Stress, fatigue, hormones, g\u00e9n\u00e9tique ou changement de saison : les causes sont multiples et parfois difficiles \u00e0 vivre. \u00c0 la Clinique des Acacias, nous proposons&hellip;&nbsp;<\/p>","protected":false},"author":1,"featured_media":0,"parent":0,"menu_order":0,"comment_status":"closed","ping_status":"closed","template":"","meta":{"_seopress_robots_primary_cat":"","_seopress_titles_title":"Soins du corps \u00e0 Gen\u00e8ve \u2013 Clinique des Acacias","_seopress_titles_desc":"\u00c0 Gen\u00e8ve, la Clinique des Acacias propose des soins du corps personnalis\u00e9s : pressoth\u00e9rapie, perte de cheveux, sant\u00e9 intime, douleurs.","_seopress_robots_index":"","_monsterinsights_skip_tracking":false,"_monsterinsights_sitenote_active":false,"_monsterinsights_sitenote_note":"","_monsterinsights_sitenote_category":0,"neve_meta_sidebar":"","neve_meta_container":"","neve_meta_enable_content_width":"","neve_meta_content_width":0,"neve_meta_title_alignment":"","neve_meta_author_avatar":"","neve_post_elements_order":"","neve_meta_disable_header":"","neve_meta_disable_footer":"","neve_meta_disable_title":"","footnotes":""},"class_list":["post-3682","page","type-page","status-publish","hentry"],"yoast_head":"<!-- This site is optimized with the Yoast SEO plugin v27.2 - https:\/\/yoast.com\/product\/yoast-seo-wordpress\/ -->\n<title>Soins du corps &amp; traitements sp\u00e9cifiques - Clinique des Acacias<\/title>\n<meta name=\"description\" content=\"Soins du corps \u00e0 Gen\u00e8ve : cellulite, rel\u00e2chement, jambes lourdes, douleurs chroniques, alop\u00e9cie et sant\u00e9 intime.\" \/>\n<meta name=\"robots\" content=\"index, follow, max-snippet:-1, max-image-preview:large, max-video-preview:-1\" \/>\n<link rel=\"canonical\" href=\"https:\/\/cliniquedesacacias.ch\/en\/https-cliniquedesacacias-ch-soins-du-corps-traitements-specifiques\/\" \/>\n<meta property=\"og:locale\" content=\"en_US\" \/>\n<meta property=\"og:type\" content=\"article\" \/>\n<meta property=\"og:title\" content=\"Soins du corps &amp; traitements sp\u00e9cifiques - Clinique des Acacias\" \/>\n<meta property=\"og:description\" content=\"Soins du corps \u00e0 Gen\u00e8ve : cellulite, rel\u00e2chement, jambes lourdes, douleurs chroniques, alop\u00e9cie et sant\u00e9 intime.\" \/>\n<meta property=\"og:url\" content=\"https:\/\/cliniquedesacacias.ch\/en\/https-cliniquedesacacias-ch-soins-du-corps-traitements-specifiques\/\" \/>\n<meta property=\"og:site_name\" content=\"Clinique des Acacias\" \/>\n<meta property=\"article:modified_time\" content=\"2026-03-26T08:50:49+00:00\" \/>\n<meta property=\"og:image\" content=\"https:\/\/cliniquedesacacias.ch\/wp-content\/uploads\/2025\/08\/photo_2025-08-23-11.59.33.jpeg\" \/>\n\t<meta property=\"og:image:width\" content=\"1011\" \/>\n\t<meta property=\"og:image:height\" content=\"686\" \/>\n\t<meta property=\"og:image:type\" content=\"image\/jpeg\" \/>\n<meta name=\"twitter:card\" content=\"summary_large_image\" \/>\n<meta name=\"twitter:label1\" content=\"Est. reading time\" \/>\n\t<meta name=\"twitter:data1\" content=\"2 minutes\" \/>\n<script type=\"application\/ld+json\" class=\"yoast-schema-graph\">{\"@context\":\"https:\/\/schema.org\",\"@graph\":[{\"@type\":\"WebPage\",\"@id\":\"https:\/\/cliniquedesacacias.ch\/https-cliniquedesacacias-ch-soins-du-corps-traitements-specifiques\",\"url\":\"https:\/\/cliniquedesacacias.ch\/https-cliniquedesacacias-ch-soins-du-corps-traitements-specifiques\",\"name\":\"Soins du corps &amp; traitements sp\u00e9cifiques - Clinique des Acacias\",\"isPartOf\":{\"@id\":\"https:\/\/cliniquedesacacias.ch\/#website\"},\"primaryImageOfPage\":{\"@id\":\"https:\/\/cliniquedesacacias.ch\/https-cliniquedesacacias-ch-soins-du-corps-traitements-specifiques#primaryimage\"},\"image\":{\"@id\":\"https:\/\/cliniquedesacacias.ch\/https-cliniquedesacacias-ch-soins-du-corps-traitements-specifiques#primaryimage\"},\"thumbnailUrl\":\"https:\/\/cliniquedesacacias.ch\/wp-content\/uploads\/2025\/08\/photo_2025-08-23-11.59.33.jpeg\",\"datePublished\":\"2025-08-23T15:22:00+00:00\",\"dateModified\":\"2026-03-26T08:50:49+00:00\",\"description\":\"Soins du corps \u00e0 Gen\u00e8ve : cellulite, rel\u00e2chement, jambes lourdes, douleurs chroniques, alop\u00e9cie et sant\u00e9 intime.\",\"breadcrumb\":{\"@id\":\"https:\/\/cliniquedesacacias.ch\/https-cliniquedesacacias-ch-soins-du-corps-traitements-specifiques#breadcrumb\"},\"inLanguage\":\"en-US\",\"potentialAction\":[{\"@type\":\"ReadAction\",\"target\":[\"https:\/\/cliniquedesacacias.ch\/https-cliniquedesacacias-ch-soins-du-corps-traitements-specifiques\"]}]},{\"@type\":\"ImageObject\",\"inLanguage\":\"en-US\",\"@id\":\"https:\/\/cliniquedesacacias.ch\/https-cliniquedesacacias-ch-soins-du-corps-traitements-specifiques#primaryimage\",\"url\":\"https:\/\/cliniquedesacacias.ch\/wp-content\/uploads\/2025\/08\/photo_2025-08-23-11.59.33.jpeg\",\"contentUrl\":\"https:\/\/cliniquedesacacias.ch\/wp-content\/uploads\/2025\/08\/photo_2025-08-23-11.59.33.jpeg\"},{\"@type\":\"BreadcrumbList\",\"@id\":\"https:\/\/cliniquedesacacias.ch\/https-cliniquedesacacias-ch-soins-du-corps-traitements-specifiques#breadcrumb\",\"itemListElement\":[{\"@type\":\"ListItem\",\"position\":1,\"name\":\"Accueil\",\"item\":\"https:\/\/cliniquedesacacias.ch\/\"},{\"@type\":\"ListItem\",\"position\":2,\"name\":\"Soins du corps &amp; traitements sp\u00e9cifiques\"}]},{\"@type\":\"WebSite\",\"@id\":\"https:\/\/cliniquedesacacias.ch\/#website\",\"url\":\"https:\/\/cliniquedesacacias.ch\/\",\"name\":\"Clinique des Acacias\",\"description\":\"\",\"publisher\":{\"@id\":\"https:\/\/cliniquedesacacias.ch\/#organization\"},\"potentialAction\":[{\"@type\":\"SearchAction\",\"target\":{\"@type\":\"EntryPoint\",\"urlTemplate\":\"https:\/\/cliniquedesacacias.ch\/?s={search_term_string}\"},\"query-input\":{\"@type\":\"PropertyValueSpecification\",\"valueRequired\":true,\"valueName\":\"search_term_string\"}}],\"inLanguage\":\"en-US\"},{\"@type\":\"Organization\",\"@id\":\"https:\/\/cliniquedesacacias.ch\/#organization\",\"name\":\"Clinique des Acacias\",\"url\":\"https:\/\/cliniquedesacacias.ch\/\",\"logo\":{\"@type\":\"ImageObject\",\"inLanguage\":\"en-US\",\"@id\":\"https:\/\/cliniquedesacacias.ch\/#\/schema\/logo\/image\/\",\"url\":\"https:\/\/cliniquedesacacias.ch\/wp-content\/uploads\/2023\/06\/cropped-cropped-LOGO-OFF-1.png\",\"contentUrl\":\"https:\/\/cliniquedesacacias.ch\/wp-content\/uploads\/2023\/06\/cropped-cropped-LOGO-OFF-1.png\",\"width\":551,\"height\":500,\"caption\":\"Clinique des Acacias \"},\"image\":{\"@id\":\"https:\/\/cliniquedesacacias.ch\/#\/schema\/logo\/image\/\"}}]}<\/script>\n<!-- \/ Yoast SEO plugin. -->","yoast_head_json":{"title":"Soins du corps &amp; traitements sp\u00e9cifiques - Clinique des Acacias","description":"Soins du corps \u00e0 Gen\u00e8ve : cellulite, rel\u00e2chement, jambes lourdes, douleurs chroniques, alop\u00e9cie et sant\u00e9 intime.","robots":{"index":"index","follow":"follow","max-snippet":"max-snippet:-1","max-image-preview":"max-image-preview:large","max-video-preview":"max-video-preview:-1"},"canonical":"https:\/\/cliniquedesacacias.ch\/en\/https-cliniquedesacacias-ch-soins-du-corps-traitements-specifiques\/","og_locale":"en_US","og_type":"article","og_title":"Soins du corps &amp; traitements sp\u00e9cifiques - Clinique des Acacias","og_description":"Soins du corps \u00e0 Gen\u00e8ve : cellulite, rel\u00e2chement, jambes lourdes, douleurs chroniques, alop\u00e9cie et sant\u00e9 intime.","og_url":"https:\/\/cliniquedesacacias.ch\/en\/https-cliniquedesacacias-ch-soins-du-corps-traitements-specifiques\/","og_site_name":"Clinique des Acacias","article_modified_time":"2026-03-26T08:50:49+00:00","og_image":[{"width":1011,"height":686,"url":"https:\/\/cliniquedesacacias.ch\/wp-content\/uploads\/2025\/08\/photo_2025-08-23-11.59.33.jpeg","type":"image\/jpeg"}],"twitter_card":"summary_large_image","twitter_misc":{"Est. reading time":"2 minutes"},"schema":{"@context":"https:\/\/schema.org","@graph":[{"@type":"WebPage","@id":"https:\/\/cliniquedesacacias.ch\/https-cliniquedesacacias-ch-soins-du-corps-traitements-specifiques","url":"https:\/\/cliniquedesacacias.ch\/https-cliniquedesacacias-ch-soins-du-corps-traitements-specifiques","name":"Soins du corps &amp; traitements sp\u00e9cifiques - Clinique des Acacias","isPartOf":{"@id":"https:\/\/cliniquedesacacias.ch\/#website"},"primaryImageOfPage":{"@id":"https:\/\/cliniquedesacacias.ch\/https-cliniquedesacacias-ch-soins-du-corps-traitements-specifiques#primaryimage"},"image":{"@id":"https:\/\/cliniquedesacacias.ch\/https-cliniquedesacacias-ch-soins-du-corps-traitements-specifiques#primaryimage"},"thumbnailUrl":"https:\/\/cliniquedesacacias.ch\/wp-content\/uploads\/2025\/08\/photo_2025-08-23-11.59.33.jpeg","datePublished":"2025-08-23T15:22:00+00:00","dateModified":"2026-03-26T08:50:49+00:00","description":"Soins du corps \u00e0 Gen\u00e8ve : cellulite, rel\u00e2chement, jambes lourdes, douleurs chroniques, alop\u00e9cie et sant\u00e9 intime.","breadcrumb":{"@id":"https:\/\/cliniquedesacacias.ch\/https-cliniquedesacacias-ch-soins-du-corps-traitements-specifiques#breadcrumb"},"inLanguage":"en-US","potentialAction":[{"@type":"ReadAction","target":["https:\/\/cliniquedesacacias.ch\/https-cliniquedesacacias-ch-soins-du-corps-traitements-specifiques"]}]},{"@type":"ImageObject","inLanguage":"en-US","@id":"https:\/\/cliniquedesacacias.ch\/https-cliniquedesacacias-ch-soins-du-corps-traitements-specifiques#primaryimage","url":"https:\/\/cliniquedesacacias.ch\/wp-content\/uploads\/2025\/08\/photo_2025-08-23-11.59.33.jpeg","contentUrl":"https:\/\/cliniquedesacacias.ch\/wp-content\/uploads\/2025\/08\/photo_2025-08-23-11.59.33.jpeg"},{"@type":"BreadcrumbList","@id":"https:\/\/cliniquedesacacias.ch\/https-cliniquedesacacias-ch-soins-du-corps-traitements-specifiques#breadcrumb","itemListElement":[{"@type":"ListItem","position":1,"name":"Accueil","item":"https:\/\/cliniquedesacacias.ch\/"},{"@type":"ListItem","position":2,"name":"Soins du corps &amp; traitements sp\u00e9cifiques"}]},{"@type":"WebSite","@id":"https:\/\/cliniquedesacacias.ch\/#website","url":"https:\/\/cliniquedesacacias.ch\/","name":"Clinique des Acacias","description":"","publisher":{"@id":"https:\/\/cliniquedesacacias.ch\/#organization"},"potentialAction":[{"@type":"SearchAction","target":{"@type":"EntryPoint","urlTemplate":"https:\/\/cliniquedesacacias.ch\/?s={search_term_string}"},"query-input":{"@type":"PropertyValueSpecification","valueRequired":true,"valueName":"search_term_string"}}],"inLanguage":"en-US"},{"@type":"Organization","@id":"https:\/\/cliniquedesacacias.ch\/#organization","name":"Clinique des Acacias","url":"https:\/\/cliniquedesacacias.ch\/","logo":{"@type":"ImageObject","inLanguage":"en-US","@id":"https:\/\/cliniquedesacacias.ch\/#\/schema\/logo\/image\/","url":"https:\/\/cliniquedesacacias.ch\/wp-content\/uploads\/2023\/06\/cropped-cropped-LOGO-OFF-1.png","contentUrl":"https:\/\/cliniquedesacacias.ch\/wp-content\/uploads\/2023\/06\/cropped-cropped-LOGO-OFF-1.png","width":551,"height":500,"caption":"Clinique des Acacias "},"image":{"@id":"https:\/\/cliniquedesacacias.ch\/#\/schema\/logo\/image\/"}}]}},"_links":{"self":[{"href":"https:\/\/cliniquedesacacias.ch\/en\/wp-json\/wp\/v2\/pages\/3682","targetHints":{"allow":["GET"]}}],"collection":[{"href":"https:\/\/cliniquedesacacias.ch\/en\/wp-json\/wp\/v2\/pages"}],"about":[{"href":"https:\/\/cliniquedesacacias.ch\/en\/wp-json\/wp\/v2\/types\/page"}],"author":[{"embeddable":true,"href":"https:\/\/cliniquedesacacias.ch\/en\/wp-json\/wp\/v2\/users\/1"}],"replies":[{"embeddable":true,"href":"https:\/\/cliniquedesacacias.ch\/en\/wp-json\/wp\/v2\/comments?post=3682"}],"version-history":[{"count":24,"href":"https:\/\/cliniquedesacacias.ch\/en\/wp-json\/wp\/v2\/pages\/3682\/revisions"}],"predecessor-version":[{"id":4232,"href":"https:\/\/cliniquedesacacias.ch\/en\/wp-json\/wp\/v2\/pages\/3682\/revisions\/4232"}],"wp:attachment":[{"href":"https:\/\/cliniquedesacacias.ch\/en\/wp-json\/wp\/v2\/media?parent=3682"}],"curies":[{"name":"wp","href":"https:\/\/api.w.org\/{rel}","templated":true}]}}