{"id":3151,"date":"2024-03-05T11:37:07","date_gmt":"2024-03-05T10:37:07","guid":{"rendered":"https:\/\/cliniquedesacacias.ch\/?page_id=3151"},"modified":"2024-06-21T15:56:49","modified_gmt":"2024-06-21T13:56:49","slug":"la-realite-virtuelle","status":"publish","type":"page","link":"https:\/\/cliniquedesacacias.ch\/en\/la-realite-virtuelle","title":{"rendered":"Virtual Reality"},"content":{"rendered":"<div data-elementor-type=\"wp-page\" data-elementor-id=\"3151\" class=\"elementor elementor-3151\">\n\t\t\t\t\t\t<section class=\"elementor-section elementor-top-section elementor-element elementor-element-699978f elementor-section-boxed elementor-section-height-default elementor-section-height-default exad-glass-effect-no exad-sticky-section-no\" data-id=\"699978f\" data-element_type=\"section\" data-e-type=\"section\">\n\t\t\t\t\t\t<div class=\"elementor-container elementor-column-gap-default\">\n\t\t\t\t\t<div class=\"elementor-column elementor-col-100 elementor-top-column elementor-element elementor-element-6360ea1 exad-glass-effect-no exad-sticky-section-no\" data-id=\"6360ea1\" data-element_type=\"column\" data-e-type=\"column\">\n\t\t\t<div class=\"elementor-widget-wrap elementor-element-populated\">\n\t\t\t\t\t\t<div class=\"elementor-element elementor-element-60ce067 exad-sticky-section-no exad-glass-effect-no elementor-widget elementor-widget-spacer\" data-id=\"60ce067\" data-element_type=\"widget\" data-e-type=\"widget\" data-widget_type=\"spacer.default\">\n\t\t\t\t<div class=\"elementor-widget-container\">\n\t\t\t\t\t\t\t<div class=\"elementor-spacer\">\n\t\t\t<div class=\"elementor-spacer-inner\"><\/div>\n\t\t<\/div>\n\t\t\t\t\t\t<\/div>\n\t\t\t\t<\/div>\n\t\t\t\t<div class=\"elementor-element elementor-element-8da193c exad-sticky-section-no exad-glass-effect-no elementor-widget elementor-widget-video\" data-id=\"8da193c\" data-element_type=\"widget\" data-e-type=\"widget\" data-settings=\"{&quot;youtube_url&quot;:&quot;https:\\\/\\\/www.youtube.com\\\/watch?v=TEUYprJbjjE&quot;,&quot;start&quot;:1,&quot;end&quot;:69,&quot;video_type&quot;:&quot;youtube&quot;,&quot;controls&quot;:&quot;yes&quot;}\" data-widget_type=\"video.default\">\n\t\t\t\t<div class=\"elementor-widget-container\">\n\t\t\t\t\t\t\t<div class=\"elementor-wrapper elementor-open-inline\">\n\t\t\t<div class=\"elementor-video\"><\/div>\t\t<\/div>\n\t\t\t\t\t\t<\/div>\n\t\t\t\t<\/div>\n\t\t\t\t<section class=\"elementor-section elementor-inner-section elementor-element elementor-element-73bf07c elementor-section-boxed elementor-section-height-default elementor-section-height-default exad-glass-effect-no exad-sticky-section-no\" data-id=\"73bf07c\" data-element_type=\"section\" data-e-type=\"section\">\n\t\t\t\t\t\t<div class=\"elementor-container elementor-column-gap-default\">\n\t\t\t\t\t<div class=\"elementor-column elementor-col-50 elementor-inner-column elementor-element elementor-element-d543037 exad-glass-effect-no exad-sticky-section-no\" data-id=\"d543037\" data-element_type=\"column\" data-e-type=\"column\">\n\t\t\t<div class=\"elementor-widget-wrap elementor-element-populated\">\n\t\t\t\t\t\t<div class=\"elementor-element elementor-element-2b293b7 exad-sticky-section-no exad-glass-effect-no elementor-widget elementor-widget-image\" data-id=\"2b293b7\" data-element_type=\"widget\" data-e-type=\"widget\" data-widget_type=\"image.default\">\n\t\t\t\t<div class=\"elementor-widget-container\">\n\t\t\t\t\t\t\t\t\t\t\t\t\t\t\t<img fetchpriority=\"high\" decoding=\"async\" width=\"768\" height=\"764\" src=\"https:\/\/cliniquedesacacias.ch\/wp-content\/uploads\/2024\/06\/VR-scaled-e1718976581163-768x764.jpeg\" class=\"attachment-medium_large size-medium_large wp-image-3426\" alt=\"\" srcset=\"https:\/\/cliniquedesacacias.ch\/wp-content\/uploads\/2024\/06\/VR-scaled-e1718976581163-768x764.jpeg 768w, https:\/\/cliniquedesacacias.ch\/wp-content\/uploads\/2024\/06\/VR-scaled-e1718976581163-1024x1019.jpeg 1024w, https:\/\/cliniquedesacacias.ch\/wp-content\/uploads\/2024\/06\/VR-scaled-e1718976581163-150x150.jpeg 150w, https:\/\/cliniquedesacacias.ch\/wp-content\/uploads\/2024\/06\/VR-scaled-e1718976581163-1536x1529.jpeg 1536w, https:\/\/cliniquedesacacias.ch\/wp-content\/uploads\/2024\/06\/VR-scaled-e1718976581163.jpeg 1920w\" sizes=\"(max-width: 768px) 100vw, 768px\" \/>\t\t\t\t\t\t\t\t\t\t\t\t\t\t\t<\/div>\n\t\t\t\t<\/div>\n\t\t\t\t\t<\/div>\n\t\t<\/div>\n\t\t\t\t<div class=\"elementor-column elementor-col-50 elementor-inner-column elementor-element elementor-element-926925f exad-glass-effect-no exad-sticky-section-no\" data-id=\"926925f\" data-element_type=\"column\" data-e-type=\"column\">\n\t\t\t<div class=\"elementor-widget-wrap elementor-element-populated\">\n\t\t\t\t\t\t<div class=\"elementor-element elementor-element-690c14a exad-sticky-section-no exad-glass-effect-no elementor-widget elementor-widget-heading\" data-id=\"690c14a\" data-element_type=\"widget\" data-e-type=\"widget\" data-widget_type=\"heading.default\">\n\t\t\t\t<div class=\"elementor-widget-container\">\n\t\t\t\t\t<h2 class=\"elementor-heading-title elementor-size-default\">Th\u00e9rapies par exposition<span style=\"color: var( --e-global-color-astglobalcolor1 );font-size: 2.35294rem;font-style: inherit;background-color: var( --e-global-color-accent )\"><\/span><\/h2>\t\t\t\t<\/div>\n\t\t\t\t<\/div>\n\t\t\t\t<div class=\"elementor-element elementor-element-6cb139e exad-sticky-section-no exad-glass-effect-no elementor-widget elementor-widget-text-editor\" data-id=\"6cb139e\" data-element_type=\"widget\" data-e-type=\"widget\" data-widget_type=\"text-editor.default\">\n\t\t\t\t<div class=\"elementor-widget-container\">\n\t\t\t\t\t\t\t\t\t<p><strong>Trou<\/strong><b>bles anxieux<\/b><\/p><p>Phobies: phobies sp\u00e9cifiques, phobies sociales, agoraphobie<\/p><p>Trouble du stress post traumatique\u00a0<\/p><p>Anxi\u00e9t\u00e9 en voiture et en avion\u00a0<\/p><p>\u00a0<\/p><p><b>Addictions<\/b><\/p><p>Addiction \u00e0 une substance (alcool, cigarette)<\/p><p>Addiction comportementales (jeux d&rsquo;argents, achats)<\/p><p>\u00a0<\/p><p><strong>Troubles du comportement alimentaire (TCA)<\/strong><\/p><p>Pratiques alimentaires d\u00e9viantes ayant des r\u00e9percussions n\u00e9gatives sur la sant\u00e9 physique et mentale\u00a0<\/p><p>\u00a0<\/p><p><strong>G\u00e9riatrie<\/strong><\/p><p>Stimulation cognitive<\/p><p>\u00c9valuation neuropsychologique<\/p><p>Activation comportementale\u00a0<\/p><p>Relaxation<\/p><p>\u00a0<\/p>\t\t\t\t\t\t\t\t<\/div>\n\t\t\t\t<\/div>\n\t\t\t\t\t<\/div>\n\t\t<\/div>\n\t\t\t\t\t<\/div>\n\t\t<\/section>\n\t\t\t\t\t<\/div>\n\t\t<\/div>\n\t\t\t\t\t<\/div>\n\t\t<\/section>\n\t\t\t\t<section class=\"elementor-section elementor-top-section elementor-element elementor-element-7bc2f1b elementor-section-boxed elementor-section-height-default elementor-section-height-default exad-glass-effect-no exad-sticky-section-no\" data-id=\"7bc2f1b\" data-element_type=\"section\" data-e-type=\"section\">\n\t\t\t\t\t\t<div class=\"elementor-container elementor-column-gap-default\">\n\t\t\t\t\t<div class=\"elementor-column elementor-col-33 elementor-top-column elementor-element elementor-element-e603b09 exad-glass-effect-no exad-sticky-section-no\" data-id=\"e603b09\" data-element_type=\"column\" data-e-type=\"column\">\n\t\t\t<div class=\"elementor-widget-wrap elementor-element-populated\">\n\t\t\t\t\t\t<div class=\"elementor-element elementor-element-330f40f elementor-widget__width-inherit exad-sticky-section-no exad-glass-effect-no elementor-widget elementor-widget-heading\" data-id=\"330f40f\" data-element_type=\"widget\" data-e-type=\"widget\" data-widget_type=\"heading.default\">\n\t\t\t\t<div class=\"elementor-widget-container\">\n\t\t\t\t\t<h2 class=\"elementor-heading-title elementor-size-large\">La Sant\u00e9 Mentale 2.0<\/h2>\t\t\t\t<\/div>\n\t\t\t\t<\/div>\n\t\t\t\t<div class=\"elementor-element elementor-element-a7991bb elementor-widget__width-initial exad-sticky-section-no exad-glass-effect-no elementor-widget elementor-widget-text-editor\" data-id=\"a7991bb\" data-element_type=\"widget\" data-e-type=\"widget\" data-widget_type=\"text-editor.default\">\n\t\t\t\t<div class=\"elementor-widget-container\">\n\t\t\t\t\t\t\t\t\t<p>\u00a0<\/p><p>La sant\u00e9 mentale se r\u00e9f\u00e8re au domaine de la sant\u00e9 publique prenant en charge les troubles psychiques. Le retentissement sur le fonctionnement des individus est important et n\u00e9cessite des prises en charges adapt\u00e9es.<\/p><p>\u00a0<\/p><p>Aujourd\u2019hui, ce domaine est dans une dynamique de restructuration avec un accent mis sur les alternatives non- m\u00e9dicamenteuses. En ce sens, les regards et les espoirs se tournent vers les nouvelles technologies qui r\u00e9pondent \u00e0 l\u2019appel par le d\u00e9veloppement de l\u2019e-sant\u00e9. Parmi les techniques phares, les th\u00e9rapies par r\u00e9alit\u00e9 virtuelle sont sur le devant de la sc\u00e8ne.<\/p><p>\u00a0<\/p>\t\t\t\t\t\t\t\t<\/div>\n\t\t\t\t<\/div>\n\t\t\t\t\t<\/div>\n\t\t<\/div>\n\t\t\t\t<div class=\"elementor-column elementor-col-33 elementor-top-column elementor-element elementor-element-6411413 exad-glass-effect-no exad-sticky-section-no\" data-id=\"6411413\" data-element_type=\"column\" data-e-type=\"column\">\n\t\t\t<div class=\"elementor-widget-wrap elementor-element-populated\">\n\t\t\t\t\t\t<div class=\"elementor-element elementor-element-610f5a5 exad-sticky-section-no exad-glass-effect-no elementor-widget elementor-widget-image\" data-id=\"610f5a5\" data-element_type=\"widget\" data-e-type=\"widget\" data-widget_type=\"image.default\">\n\t\t\t\t<div class=\"elementor-widget-container\">\n\t\t\t\t\t\t\t\t\t\t\t\t\t\t\t<img decoding=\"async\" width=\"600\" height=\"600\" src=\"https:\/\/cliniquedesacacias.ch\/wp-content\/uploads\/2024\/03\/profile-pic-11.png\" class=\"attachment-large size-large wp-image-3186\" alt=\"R\u00e9alit\u00e9 virtuelle \u00e0 la Clinique des Acacias\" srcset=\"https:\/\/cliniquedesacacias.ch\/wp-content\/uploads\/2024\/03\/profile-pic-11.png 600w, https:\/\/cliniquedesacacias.ch\/wp-content\/uploads\/2024\/03\/profile-pic-11-300x300.png 300w, https:\/\/cliniquedesacacias.ch\/wp-content\/uploads\/2024\/03\/profile-pic-11-150x150.png 150w\" sizes=\"(max-width: 600px) 100vw, 600px\" \/>\t\t\t\t\t\t\t\t\t\t\t\t\t\t\t<\/div>\n\t\t\t\t<\/div>\n\t\t\t\t<div class=\"elementor-element elementor-element-5dc2ae7 exad-sticky-section-no exad-glass-effect-no elementor-widget elementor-widget-image\" data-id=\"5dc2ae7\" data-element_type=\"widget\" data-e-type=\"widget\" data-widget_type=\"image.default\">\n\t\t\t\t<div class=\"elementor-widget-container\">\n\t\t\t\t\t\t\t\t\t\t\t\t\t\t\t<img decoding=\"async\" width=\"600\" height=\"600\" src=\"https:\/\/cliniquedesacacias.ch\/wp-content\/uploads\/2024\/03\/profile-pic-10.png\" class=\"attachment-full size-full wp-image-3185\" alt=\"R\u00e9alit\u00e9 virtuelle \u00e0 la Clinique des Acacias\" srcset=\"https:\/\/cliniquedesacacias.ch\/wp-content\/uploads\/2024\/03\/profile-pic-10.png 600w, https:\/\/cliniquedesacacias.ch\/wp-content\/uploads\/2024\/03\/profile-pic-10-300x300.png 300w, https:\/\/cliniquedesacacias.ch\/wp-content\/uploads\/2024\/03\/profile-pic-10-150x150.png 150w\" sizes=\"(max-width: 600px) 100vw, 600px\" \/>\t\t\t\t\t\t\t\t\t\t\t\t\t\t\t<\/div>\n\t\t\t\t<\/div>\n\t\t\t\t\t<\/div>\n\t\t<\/div>\n\t\t\t\t<div class=\"elementor-column elementor-col-33 elementor-top-column elementor-element elementor-element-1024a69 exad-glass-effect-no exad-sticky-section-no\" data-id=\"1024a69\" data-element_type=\"column\" data-e-type=\"column\">\n\t\t\t<div class=\"elementor-widget-wrap elementor-element-populated\">\n\t\t\t\t\t\t<div class=\"elementor-element elementor-element-2ef80ba exad-sticky-section-no exad-glass-effect-no elementor-widget elementor-widget-heading\" data-id=\"2ef80ba\" data-element_type=\"widget\" data-e-type=\"widget\" data-widget_type=\"heading.default\">\n\t\t\t\t<div class=\"elementor-widget-container\">\n\t\t\t\t\t<h2 class=\"elementor-heading-title elementor-size-large\">Les TERV : Nouvelles approches<\/h2>\t\t\t\t<\/div>\n\t\t\t\t<\/div>\n\t\t\t\t<div class=\"elementor-element elementor-element-e44880a exad-sticky-section-no exad-glass-effect-no elementor-widget elementor-widget-text-editor\" data-id=\"e44880a\" data-element_type=\"widget\" data-e-type=\"widget\" data-widget_type=\"text-editor.default\">\n\t\t\t\t<div class=\"elementor-widget-container\">\n\t\t\t\t\t\t\t\t\t<p>\u00a0<\/p><p>Synth\u00e9tiquement, la r\u00e9alit\u00e9 virtuelle peut se d\u00e9finir comme une application permettant \u00e0 un utilisateur d\u2019interagir avec un environnement virtuel. Dans<br \/>un contexte th\u00e9rapeutique, la r\u00e9alit\u00e9 virtuelle s\u2019inscrit comme une m\u00e9thode alternative et optimis\u00e9e d\u2019exposition au regard des postulats des th\u00e9rapies cognitivo- comportementales. Ce sont des th\u00e9rapies br\u00e8ves, bas\u00e9es sur le \u201cici et maintenant\u201d.\u00a0<\/p><p>\u00a0<\/p><p>Elle requi\u00e8rent l\u2019utilisation d\u2019un mat\u00e9riel sp\u00e9cifique afin d\u2019immerger les patients dans des environnements o\u00f9 sont int\u00e9gr\u00e9s des stimuli sensoriels qui suscitent l\u2019av\u00e8nement des \u00e9motions,<br \/>comportements et pens\u00e9es dysfonctionnels afin d\u2019op\u00e9rer une d\u00e9sensibilisation.<\/p>\t\t\t\t\t\t\t\t<\/div>\n\t\t\t\t<\/div>\n\t\t\t\t\t<\/div>\n\t\t<\/div>\n\t\t\t\t\t<\/div>\n\t\t<\/section>\n\t\t\t\t<section class=\"elementor-section elementor-top-section elementor-element elementor-element-fa3a623 elementor-section-boxed elementor-section-height-default elementor-section-height-default exad-glass-effect-no exad-sticky-section-no\" data-id=\"fa3a623\" data-element_type=\"section\" data-e-type=\"section\">\n\t\t\t\t\t\t<div class=\"elementor-container elementor-column-gap-default\">\n\t\t\t\t\t<div class=\"elementor-column elementor-col-100 elementor-top-column elementor-element elementor-element-8ad59d6 exad-glass-effect-no exad-sticky-section-no\" data-id=\"8ad59d6\" data-element_type=\"column\" data-e-type=\"column\">\n\t\t\t<div class=\"elementor-widget-wrap\">\n\t\t\t\t\t\t\t<\/div>\n\t\t<\/div>\n\t\t\t\t\t<\/div>\n\t\t<\/section>\n\t\t\t\t<section class=\"elementor-section elementor-top-section elementor-element elementor-element-b753dfd elementor-section-boxed elementor-section-height-default elementor-section-height-default exad-glass-effect-no exad-sticky-section-no\" data-id=\"b753dfd\" data-element_type=\"section\" data-e-type=\"section\">\n\t\t\t\t\t\t<div class=\"elementor-container elementor-column-gap-default\">\n\t\t\t\t\t<div class=\"elementor-column elementor-col-100 elementor-top-column elementor-element elementor-element-705133e exad-glass-effect-no exad-sticky-section-no\" data-id=\"705133e\" data-element_type=\"column\" data-e-type=\"column\">\n\t\t\t<div class=\"elementor-widget-wrap\">\n\t\t\t\t\t\t\t<\/div>\n\t\t<\/div>\n\t\t\t\t\t<\/div>\n\t\t<\/section>\n\t\t\t\t<\/div>","protected":false},"excerpt":{"rendered":"<p>Th\u00e9rapies par exposition Troubles anxieux Phobies: phobies sp\u00e9cifiques, phobies sociales, agoraphobie Trouble du stress post traumatique\u00a0 Anxi\u00e9t\u00e9 en voiture et en avion\u00a0 \u00a0 Addictions Addiction \u00e0 une substance (alcool, cigarette) Addiction comportementales (jeux d&rsquo;argents, achats) \u00a0 Troubles du comportement alimentaire (TCA) Pratiques alimentaires d\u00e9viantes ayant des r\u00e9percussions n\u00e9gatives sur la sant\u00e9 physique et mentale\u00a0 \u00a0&hellip;&nbsp;<\/p>","protected":false},"author":1,"featured_media":0,"parent":0,"menu_order":0,"comment_status":"closed","ping_status":"closed","template":"","meta":{"_seopress_robots_primary_cat":"","_seopress_titles_title":"D\u00e9couvrez la R\u00e9alit\u00e9 \u00e0 la Clinique des Acacias","_seopress_titles_desc":"D\u00e9couvrez la R\u00e9alit\u00e9 \u00e0 la Clinique des Acacias - La Th\u00e9rapie par exposition \u00e0 la R\u00e9alit\u00e9 virtuelle - TERV","_seopress_robots_index":"","_monsterinsights_skip_tracking":false,"_monsterinsights_sitenote_active":false,"_monsterinsights_sitenote_note":"","_monsterinsights_sitenote_category":0,"neve_meta_sidebar":"","neve_meta_container":"","neve_meta_enable_content_width":"","neve_meta_content_width":0,"neve_meta_title_alignment":"","neve_meta_author_avatar":"","neve_post_elements_order":"","neve_meta_disable_header":"","neve_meta_disable_footer":"","neve_meta_disable_title":"","footnotes":""},"class_list":["post-3151","page","type-page","status-publish","hentry"],"yoast_head":"<!-- This site is optimized with the Yoast SEO plugin v27.2 - https:\/\/yoast.com\/product\/yoast-seo-wordpress\/ -->\n<title>La R\u00e9alit\u00e9 Virtuelle - Clinique des Acacias<\/title>\n<meta name=\"robots\" content=\"index, follow, max-snippet:-1, max-image-preview:large, max-video-preview:-1\" \/>\n<link rel=\"canonical\" href=\"https:\/\/cliniquedesacacias.ch\/en\/la-realite-virtuelle\/\" \/>\n<meta property=\"og:locale\" content=\"en_US\" \/>\n<meta property=\"og:type\" content=\"article\" \/>\n<meta property=\"og:title\" content=\"La R\u00e9alit\u00e9 Virtuelle - Clinique des Acacias\" \/>\n<meta property=\"og:description\" content=\"Th\u00e9rapies par exposition Troubles anxieux Phobies: phobies sp\u00e9cifiques, phobies sociales, agoraphobie Trouble du stress post traumatique\u00a0 Anxi\u00e9t\u00e9 en voiture et en avion\u00a0 \u00a0 Addictions Addiction \u00e0 une substance (alcool, cigarette) Addiction comportementales (jeux d&rsquo;argents, achats) \u00a0 Troubles du comportement alimentaire (TCA) Pratiques alimentaires d\u00e9viantes ayant des r\u00e9percussions n\u00e9gatives sur la sant\u00e9 physique et mentale\u00a0 \u00a0&hellip;&nbsp;\" \/>\n<meta property=\"og:url\" content=\"https:\/\/cliniquedesacacias.ch\/en\/la-realite-virtuelle\/\" \/>\n<meta property=\"og:site_name\" content=\"Clinique des Acacias\" \/>\n<meta property=\"article:modified_time\" content=\"2024-06-21T13:56:49+00:00\" \/>\n<meta property=\"og:image\" content=\"https:\/\/cliniquedesacacias.ch\/wp-content\/uploads\/2024\/06\/VR-scaled-e1718976581163-768x764.jpeg\" \/>\n<meta name=\"twitter:card\" content=\"summary_large_image\" \/>\n<meta name=\"twitter:label1\" content=\"Est. reading time\" \/>\n\t<meta name=\"twitter:data1\" content=\"2 minutes\" \/>\n<script type=\"application\/ld+json\" class=\"yoast-schema-graph\">{\"@context\":\"https:\/\/schema.org\",\"@graph\":[{\"@type\":\"WebPage\",\"@id\":\"https:\/\/cliniquedesacacias.ch\/la-realite-virtuelle\",\"url\":\"https:\/\/cliniquedesacacias.ch\/la-realite-virtuelle\",\"name\":\"La R\u00e9alit\u00e9 Virtuelle - Clinique des Acacias\",\"isPartOf\":{\"@id\":\"https:\/\/cliniquedesacacias.ch\/#website\"},\"primaryImageOfPage\":{\"@id\":\"https:\/\/cliniquedesacacias.ch\/la-realite-virtuelle#primaryimage\"},\"image\":{\"@id\":\"https:\/\/cliniquedesacacias.ch\/la-realite-virtuelle#primaryimage\"},\"thumbnailUrl\":\"https:\/\/cliniquedesacacias.ch\/wp-content\/uploads\/2024\/06\/VR-scaled-e1718976581163-768x764.jpeg\",\"datePublished\":\"2024-03-05T10:37:07+00:00\",\"dateModified\":\"2024-06-21T13:56:49+00:00\",\"breadcrumb\":{\"@id\":\"https:\/\/cliniquedesacacias.ch\/la-realite-virtuelle#breadcrumb\"},\"inLanguage\":\"en-US\",\"potentialAction\":[{\"@type\":\"ReadAction\",\"target\":[\"https:\/\/cliniquedesacacias.ch\/la-realite-virtuelle\"]}]},{\"@type\":\"ImageObject\",\"inLanguage\":\"en-US\",\"@id\":\"https:\/\/cliniquedesacacias.ch\/la-realite-virtuelle#primaryimage\",\"url\":\"https:\/\/cliniquedesacacias.ch\/wp-content\/uploads\/2024\/06\/VR-scaled-e1718976581163-768x764.jpeg\",\"contentUrl\":\"https:\/\/cliniquedesacacias.ch\/wp-content\/uploads\/2024\/06\/VR-scaled-e1718976581163-768x764.jpeg\"},{\"@type\":\"BreadcrumbList\",\"@id\":\"https:\/\/cliniquedesacacias.ch\/la-realite-virtuelle#breadcrumb\",\"itemListElement\":[{\"@type\":\"ListItem\",\"position\":1,\"name\":\"Accueil\",\"item\":\"https:\/\/cliniquedesacacias.ch\/\"},{\"@type\":\"ListItem\",\"position\":2,\"name\":\"La R\u00e9alit\u00e9 Virtuelle\"}]},{\"@type\":\"WebSite\",\"@id\":\"https:\/\/cliniquedesacacias.ch\/#website\",\"url\":\"https:\/\/cliniquedesacacias.ch\/\",\"name\":\"Clinique des Acacias\",\"description\":\"\",\"publisher\":{\"@id\":\"https:\/\/cliniquedesacacias.ch\/#organization\"},\"potentialAction\":[{\"@type\":\"SearchAction\",\"target\":{\"@type\":\"EntryPoint\",\"urlTemplate\":\"https:\/\/cliniquedesacacias.ch\/?s={search_term_string}\"},\"query-input\":{\"@type\":\"PropertyValueSpecification\",\"valueRequired\":true,\"valueName\":\"search_term_string\"}}],\"inLanguage\":\"en-US\"},{\"@type\":\"Organization\",\"@id\":\"https:\/\/cliniquedesacacias.ch\/#organization\",\"name\":\"Clinique des Acacias\",\"url\":\"https:\/\/cliniquedesacacias.ch\/\",\"logo\":{\"@type\":\"ImageObject\",\"inLanguage\":\"en-US\",\"@id\":\"https:\/\/cliniquedesacacias.ch\/#\/schema\/logo\/image\/\",\"url\":\"https:\/\/cliniquedesacacias.ch\/wp-content\/uploads\/2023\/06\/cropped-cropped-LOGO-OFF-1.png\",\"contentUrl\":\"https:\/\/cliniquedesacacias.ch\/wp-content\/uploads\/2023\/06\/cropped-cropped-LOGO-OFF-1.png\",\"width\":551,\"height\":500,\"caption\":\"Clinique des Acacias \"},\"image\":{\"@id\":\"https:\/\/cliniquedesacacias.ch\/#\/schema\/logo\/image\/\"}}]}<\/script>\n<!-- \/ Yoast SEO plugin. -->","yoast_head_json":{"title":"La R\u00e9alit\u00e9 Virtuelle - Clinique des Acacias","robots":{"index":"index","follow":"follow","max-snippet":"max-snippet:-1","max-image-preview":"max-image-preview:large","max-video-preview":"max-video-preview:-1"},"canonical":"https:\/\/cliniquedesacacias.ch\/en\/la-realite-virtuelle\/","og_locale":"en_US","og_type":"article","og_title":"La R\u00e9alit\u00e9 Virtuelle - Clinique des Acacias","og_description":"Th\u00e9rapies par exposition Troubles anxieux Phobies: phobies sp\u00e9cifiques, phobies sociales, agoraphobie Trouble du stress post traumatique\u00a0 Anxi\u00e9t\u00e9 en voiture et en avion\u00a0 \u00a0 Addictions Addiction \u00e0 une substance (alcool, cigarette) Addiction comportementales (jeux d&rsquo;argents, achats) \u00a0 Troubles du comportement alimentaire (TCA) Pratiques alimentaires d\u00e9viantes ayant des r\u00e9percussions n\u00e9gatives sur la sant\u00e9 physique et mentale\u00a0 \u00a0&hellip;&nbsp;","og_url":"https:\/\/cliniquedesacacias.ch\/en\/la-realite-virtuelle\/","og_site_name":"Clinique des Acacias","article_modified_time":"2024-06-21T13:56:49+00:00","og_image":[{"url":"https:\/\/cliniquedesacacias.ch\/wp-content\/uploads\/2024\/06\/VR-scaled-e1718976581163-768x764.jpeg","type":"","width":"","height":""}],"twitter_card":"summary_large_image","twitter_misc":{"Est. reading time":"2 minutes"},"schema":{"@context":"https:\/\/schema.org","@graph":[{"@type":"WebPage","@id":"https:\/\/cliniquedesacacias.ch\/la-realite-virtuelle","url":"https:\/\/cliniquedesacacias.ch\/la-realite-virtuelle","name":"La R\u00e9alit\u00e9 Virtuelle - Clinique des Acacias","isPartOf":{"@id":"https:\/\/cliniquedesacacias.ch\/#website"},"primaryImageOfPage":{"@id":"https:\/\/cliniquedesacacias.ch\/la-realite-virtuelle#primaryimage"},"image":{"@id":"https:\/\/cliniquedesacacias.ch\/la-realite-virtuelle#primaryimage"},"thumbnailUrl":"https:\/\/cliniquedesacacias.ch\/wp-content\/uploads\/2024\/06\/VR-scaled-e1718976581163-768x764.jpeg","datePublished":"2024-03-05T10:37:07+00:00","dateModified":"2024-06-21T13:56:49+00:00","breadcrumb":{"@id":"https:\/\/cliniquedesacacias.ch\/la-realite-virtuelle#breadcrumb"},"inLanguage":"en-US","potentialAction":[{"@type":"ReadAction","target":["https:\/\/cliniquedesacacias.ch\/la-realite-virtuelle"]}]},{"@type":"ImageObject","inLanguage":"en-US","@id":"https:\/\/cliniquedesacacias.ch\/la-realite-virtuelle#primaryimage","url":"https:\/\/cliniquedesacacias.ch\/wp-content\/uploads\/2024\/06\/VR-scaled-e1718976581163-768x764.jpeg","contentUrl":"https:\/\/cliniquedesacacias.ch\/wp-content\/uploads\/2024\/06\/VR-scaled-e1718976581163-768x764.jpeg"},{"@type":"BreadcrumbList","@id":"https:\/\/cliniquedesacacias.ch\/la-realite-virtuelle#breadcrumb","itemListElement":[{"@type":"ListItem","position":1,"name":"Accueil","item":"https:\/\/cliniquedesacacias.ch\/"},{"@type":"ListItem","position":2,"name":"La R\u00e9alit\u00e9 Virtuelle"}]},{"@type":"WebSite","@id":"https:\/\/cliniquedesacacias.ch\/#website","url":"https:\/\/cliniquedesacacias.ch\/","name":"Clinique des Acacias","description":"","publisher":{"@id":"https:\/\/cliniquedesacacias.ch\/#organization"},"potentialAction":[{"@type":"SearchAction","target":{"@type":"EntryPoint","urlTemplate":"https:\/\/cliniquedesacacias.ch\/?s={search_term_string}"},"query-input":{"@type":"PropertyValueSpecification","valueRequired":true,"valueName":"search_term_string"}}],"inLanguage":"en-US"},{"@type":"Organization","@id":"https:\/\/cliniquedesacacias.ch\/#organization","name":"Clinique des Acacias","url":"https:\/\/cliniquedesacacias.ch\/","logo":{"@type":"ImageObject","inLanguage":"en-US","@id":"https:\/\/cliniquedesacacias.ch\/#\/schema\/logo\/image\/","url":"https:\/\/cliniquedesacacias.ch\/wp-content\/uploads\/2023\/06\/cropped-cropped-LOGO-OFF-1.png","contentUrl":"https:\/\/cliniquedesacacias.ch\/wp-content\/uploads\/2023\/06\/cropped-cropped-LOGO-OFF-1.png","width":551,"height":500,"caption":"Clinique des Acacias "},"image":{"@id":"https:\/\/cliniquedesacacias.ch\/#\/schema\/logo\/image\/"}}]}},"_links":{"self":[{"href":"https:\/\/cliniquedesacacias.ch\/en\/wp-json\/wp\/v2\/pages\/3151","targetHints":{"allow":["GET"]}}],"collection":[{"href":"https:\/\/cliniquedesacacias.ch\/en\/wp-json\/wp\/v2\/pages"}],"about":[{"href":"https:\/\/cliniquedesacacias.ch\/en\/wp-json\/wp\/v2\/types\/page"}],"author":[{"embeddable":true,"href":"https:\/\/cliniquedesacacias.ch\/en\/wp-json\/wp\/v2\/users\/1"}],"replies":[{"embeddable":true,"href":"https:\/\/cliniquedesacacias.ch\/en\/wp-json\/wp\/v2\/comments?post=3151"}],"version-history":[{"count":10,"href":"https:\/\/cliniquedesacacias.ch\/en\/wp-json\/wp\/v2\/pages\/3151\/revisions"}],"predecessor-version":[{"id":3429,"href":"https:\/\/cliniquedesacacias.ch\/en\/wp-json\/wp\/v2\/pages\/3151\/revisions\/3429"}],"wp:attachment":[{"href":"https:\/\/cliniquedesacacias.ch\/en\/wp-json\/wp\/v2\/media?parent=3151"}],"curies":[{"name":"wp","href":"https:\/\/api.w.org\/{rel}","templated":true}]}}