{"id":2059,"date":"2023-08-14T16:52:04","date_gmt":"2023-08-14T14:52:04","guid":{"rendered":"https:\/\/cliniquedesacacias.ch\/?page_id=2059"},"modified":"2025-09-04T12:48:15","modified_gmt":"2025-09-04T10:48:15","slug":"carriere-offres-demplois","status":"publish","type":"page","link":"https:\/\/cliniquedesacacias.ch\/en\/carriere-offres-demplois","title":{"rendered":"Careers"},"content":{"rendered":"<div data-elementor-type=\"wp-page\" data-elementor-id=\"2059\" class=\"elementor elementor-2059\">\n\t\t\t\t\t\t<section class=\"elementor-section elementor-top-section elementor-element elementor-element-4kt7skw elementor-section-content-middle elementor-section-boxed elementor-section-height-default elementor-section-height-default exad-glass-effect-no exad-sticky-section-no\" data-id=\"4kt7skw\" data-element_type=\"section\" data-e-type=\"section\" data-settings=\"{&quot;background_background&quot;:&quot;classic&quot;}\">\n\t\t\t\t\t\t\t<div class=\"elementor-background-overlay\"><\/div>\n\t\t\t\t\t\t\t<div class=\"elementor-container elementor-column-gap-no\">\n\t\t\t\t\t<div class=\"elementor-column elementor-col-100 elementor-top-column elementor-element elementor-element-c78b9a2 exad-glass-effect-no exad-sticky-section-no\" data-id=\"c78b9a2\" data-element_type=\"column\" data-e-type=\"column\">\n\t\t\t<div class=\"elementor-widget-wrap elementor-element-populated\">\n\t\t\t\t\t\t<div class=\"elementor-element elementor-element-967abd8 exad-sticky-section-no exad-glass-effect-no elementor-widget elementor-widget-heading\" data-id=\"967abd8\" data-element_type=\"widget\" data-e-type=\"widget\" data-widget_type=\"heading.default\">\n\t\t\t\t<div class=\"elementor-widget-container\">\n\t\t\t\t\t<h2 class=\"elementor-heading-title elementor-size-default\">CARRI\u00c8RES<\/h2>\t\t\t\t<\/div>\n\t\t\t\t<\/div>\n\t\t\t\t<div class=\"elementor-element elementor-element-37416a3 elementor-widget-divider--view-line exad-sticky-section-no exad-glass-effect-no elementor-widget elementor-widget-divider\" data-id=\"37416a3\" data-element_type=\"widget\" data-e-type=\"widget\" data-widget_type=\"divider.default\">\n\t\t\t\t<div class=\"elementor-widget-container\">\n\t\t\t\t\t\t\t<div class=\"elementor-divider\">\n\t\t\t<span class=\"elementor-divider-separator\">\n\t\t\t\t\t\t<\/span>\n\t\t<\/div>\n\t\t\t\t\t\t<\/div>\n\t\t\t\t<\/div>\n\t\t\t\t<div class=\"elementor-element elementor-element-a73e0b3 exad-sticky-section-no exad-glass-effect-no elementor-widget elementor-widget-text-editor\" data-id=\"a73e0b3\" data-element_type=\"widget\" data-e-type=\"widget\" data-widget_type=\"text-editor.default\">\n\t\t\t\t<div class=\"elementor-widget-container\">\n\t\t\t\t\t\t\t\t\t<p>\u00a0<\/p><p><span style=\"font-size: 13.0pt; font-family: 'Lato',sans-serif; color: #7a7a7a;\">La Clinique des Acacias est en permanence \u00e0 la recherche de nouveaux collaborateurs. Dans un cadre de travail agr\u00e9able, vous pourrez int\u00e9grer une \u00e9quipe m\u00e9dicale qui partage notre vision d\u2019offrir des soins de qualit\u00e9 \u00e0 notre patient\u00e8le.<br \/><\/span><\/p><p>\u00a0<\/p>\t\t\t\t\t\t\t\t<\/div>\n\t\t\t\t<\/div>\n\t\t\t\t\t<\/div>\n\t\t<\/div>\n\t\t\t\t\t<\/div>\n\t\t<\/section>\n\t\t\t\t<section class=\"elementor-section elementor-top-section elementor-element elementor-element-m7f43fk elementor-section-boxed elementor-section-height-default elementor-section-height-default exad-glass-effect-no exad-sticky-section-no\" data-id=\"m7f43fk\" data-element_type=\"section\" data-e-type=\"section\" data-settings=\"{&quot;background_background&quot;:&quot;classic&quot;}\">\n\t\t\t\t\t\t<div class=\"elementor-container elementor-column-gap-default\">\n\t\t\t\t\t<div class=\"elementor-column elementor-col-50 elementor-top-column elementor-element elementor-element-6053624 exad-glass-effect-no exad-sticky-section-no\" data-id=\"6053624\" data-element_type=\"column\" data-e-type=\"column\" data-settings=\"{&quot;background_background&quot;:&quot;classic&quot;}\">\n\t\t\t<div class=\"elementor-widget-wrap elementor-element-populated\">\n\t\t\t\t\t\t<div class=\"elementor-element elementor-element-64da81c exad-sticky-section-no exad-glass-effect-no elementor-widget elementor-widget-heading\" data-id=\"64da81c\" data-element_type=\"widget\" data-e-type=\"widget\" data-widget_type=\"heading.default\">\n\t\t\t\t<div class=\"elementor-widget-container\">\n\t\t\t\t\t<h3 class=\"elementor-heading-title elementor-size-default\">Pour Postuler\n<\/h3>\t\t\t\t<\/div>\n\t\t\t\t<\/div>\n\t\t\t\t<div class=\"elementor-element elementor-element-526cad2 exad-sticky-section-no exad-glass-effect-no elementor-widget elementor-widget-text-editor\" data-id=\"526cad2\" data-element_type=\"widget\" data-e-type=\"widget\" data-widget_type=\"text-editor.default\">\n\t\t\t\t<div class=\"elementor-widget-container\">\n\t\t\t\t\t\t\t\t\t<p style=\"margin: 0cm; background: white; vertical-align: baseline;\"><span style=\"color: #7a7a7a; font-family: Lato, sans-serif; font-size: 13pt; font-style: inherit; font-weight: inherit;\">\u00a0<\/span><span style=\"color: #7a7a7a; font-family: Lato, sans-serif; font-size: 13pt;\">Merci de nous faire parvenir votre dossier de candidature complet avec un cv et une lettre de motivation aux adresses emails suivantes :<\/span><\/p><p style=\"margin: 0cm; background: white; vertical-align: baseline;\"><span style=\"color: #7a7a7a; font-family: Lato, sans-serif; font-size: 13pt;\"><span style=\"font-size: 13.0pt; font-family: 'Lato',sans-serif; color: #7a7a7a;\"><strong>christian.cherpillod@clda.ch\u00a0<\/strong><\/span><\/span><\/p><p style=\"margin: 0cm; background: white; vertical-align: baseline;\">\u00a0<\/p>\t\t\t\t\t\t\t\t<\/div>\n\t\t\t\t<\/div>\n\t\t\t\t<div class=\"elementor-element elementor-element-b1a5d5c exad-sticky-section-no exad-glass-effect-no elementor-widget elementor-widget-spacer\" data-id=\"b1a5d5c\" data-element_type=\"widget\" data-e-type=\"widget\" data-widget_type=\"spacer.default\">\n\t\t\t\t<div class=\"elementor-widget-container\">\n\t\t\t\t\t\t\t<div class=\"elementor-spacer\">\n\t\t\t<div class=\"elementor-spacer-inner\"><\/div>\n\t\t<\/div>\n\t\t\t\t\t\t<\/div>\n\t\t\t\t<\/div>\n\t\t\t\t<div class=\"elementor-element elementor-element-8ee00b9 exad-sticky-section-no exad-glass-effect-no elementor-widget elementor-widget-heading\" data-id=\"8ee00b9\" data-element_type=\"widget\" data-e-type=\"widget\" data-widget_type=\"heading.default\">\n\t\t\t\t<div class=\"elementor-widget-container\">\n\t\t\t\t\t<h3 class=\"elementor-heading-title elementor-size-default\">Nous trouver<\/h3>\t\t\t\t<\/div>\n\t\t\t\t<\/div>\n\t\t\t\t<div class=\"elementor-element elementor-element-9752399 elementor-view-stacked elementor-position-inline-start elementor-shape-circle elementor-mobile-position-block-start exad-sticky-section-no exad-glass-effect-no elementor-widget elementor-widget-icon-box\" data-id=\"9752399\" data-element_type=\"widget\" data-e-type=\"widget\" data-settings=\"{&quot;_animation&quot;:&quot;none&quot;}\" data-widget_type=\"icon-box.default\">\n\t\t\t\t<div class=\"elementor-widget-container\">\n\t\t\t\t\t\t\t<div class=\"elementor-icon-box-wrapper\">\n\n\t\t\t\t\t\t<div class=\"elementor-icon-box-icon\">\n\t\t\t\t<span  class=\"elementor-icon\">\n\t\t\t\t<i aria-hidden=\"true\" class=\"fas fa-search-location\"><\/i>\t\t\t\t<\/span>\n\t\t\t<\/div>\n\t\t\t\n\t\t\t\t\t\t<div class=\"elementor-icon-box-content\">\n\n\t\t\t\t\t\t\t\t\t<h5 class=\"elementor-icon-box-title\">\n\t\t\t\t\t\t<span  >\n\t\t\t\t\t\t\tLieu\t\t\t\t\t\t<\/span>\n\t\t\t\t\t<\/h5>\n\t\t\t\t\n\t\t\t\t\t\t\t\t\t<p class=\"elementor-icon-box-description\">\n\t\t\t\t\t\tClinique des Acacias\n\t\t\t\t\t<\/p>\n\t\t\t\t\n\t\t\t<\/div>\n\t\t\t\n\t\t<\/div>\n\t\t\t\t\t\t<\/div>\n\t\t\t\t<\/div>\n\t\t\t\t<div class=\"elementor-element elementor-element-5962c75 elementor-view-stacked elementor-position-inline-start elementor-shape-circle elementor-mobile-position-block-start exad-sticky-section-no exad-glass-effect-no elementor-widget elementor-widget-icon-box\" data-id=\"5962c75\" data-element_type=\"widget\" data-e-type=\"widget\" data-widget_type=\"icon-box.default\">\n\t\t\t\t<div class=\"elementor-widget-container\">\n\t\t\t\t\t\t\t<div class=\"elementor-icon-box-wrapper\">\n\n\t\t\t\t\t\t<div class=\"elementor-icon-box-icon\">\n\t\t\t\t<span  class=\"elementor-icon\">\n\t\t\t\t<i aria-hidden=\"true\" class=\"fas fa-location-arrow\"><\/i>\t\t\t\t<\/span>\n\t\t\t<\/div>\n\t\t\t\n\t\t\t\t\t\t<div class=\"elementor-icon-box-content\">\n\n\t\t\t\t\t\t\t\t\t<h5 class=\"elementor-icon-box-title\">\n\t\t\t\t\t\t<span  >\n\t\t\t\t\t\t\tAddress\t\t\t\t\t\t<\/span>\n\t\t\t\t\t<\/h5>\n\t\t\t\t\n\t\t\t\t\t\t\t\t\t<p class=\"elementor-icon-box-description\">\n\t\t\t\t\t\tRoute des Acacias 2, 1227 Les Acacias\t\t\t\t\t<\/p>\n\t\t\t\t\n\t\t\t<\/div>\n\t\t\t\n\t\t<\/div>\n\t\t\t\t\t\t<\/div>\n\t\t\t\t<\/div>\n\t\t\t\t<div class=\"elementor-element elementor-element-db08442 elementor-view-stacked elementor-position-inline-start elementor-shape-circle elementor-mobile-position-block-start exad-sticky-section-no exad-glass-effect-no elementor-widget elementor-widget-icon-box\" data-id=\"db08442\" data-element_type=\"widget\" data-e-type=\"widget\" data-widget_type=\"icon-box.default\">\n\t\t\t\t<div class=\"elementor-widget-container\">\n\t\t\t\t\t\t\t<div class=\"elementor-icon-box-wrapper\">\n\n\t\t\t\t\t\t<div class=\"elementor-icon-box-icon\">\n\t\t\t\t<span  class=\"elementor-icon\">\n\t\t\t\t<i aria-hidden=\"true\" class=\"fas fa-tram\"><\/i>\t\t\t\t<\/span>\n\t\t\t<\/div>\n\t\t\t\n\t\t\t\t\t\t<div class=\"elementor-icon-box-content\">\n\n\t\t\t\t\t\t\t\t\t<h5 class=\"elementor-icon-box-title\">\n\t\t\t\t\t\t<span  >\n\t\t\t\t\t\t\tEn transport\t\t\t\t\t\t<\/span>\n\t\t\t\t\t<\/h5>\n\t\t\t\t\n\t\t\t\t\t\t\t\t\t<p class=\"elementor-icon-box-description\">\n\t\t\t\t\t\tLe tram 15 et le tram 17 | arr\u00eat Acacias\t\t\t\t\t<\/p>\n\t\t\t\t\n\t\t\t<\/div>\n\t\t\t\n\t\t<\/div>\n\t\t\t\t\t\t<\/div>\n\t\t\t\t<\/div>\n\t\t\t\t<div class=\"elementor-element elementor-element-d26b4b9 elementor-view-stacked elementor-position-inline-start elementor-shape-circle elementor-mobile-position-block-start exad-sticky-section-no exad-glass-effect-no elementor-widget elementor-widget-icon-box\" data-id=\"d26b4b9\" data-element_type=\"widget\" data-e-type=\"widget\" data-widget_type=\"icon-box.default\">\n\t\t\t\t<div class=\"elementor-widget-container\">\n\t\t\t\t\t\t\t<div class=\"elementor-icon-box-wrapper\">\n\n\t\t\t\t\t\t<div class=\"elementor-icon-box-icon\">\n\t\t\t\t<span  class=\"elementor-icon\">\n\t\t\t\t<i aria-hidden=\"true\" class=\"fas fa-car-side\"><\/i>\t\t\t\t<\/span>\n\t\t\t<\/div>\n\t\t\t\n\t\t\t\t\t\t<div class=\"elementor-icon-box-content\">\n\n\t\t\t\t\t\t\t\t\t<h5 class=\"elementor-icon-box-title\">\n\t\t\t\t\t\t<span  >\n\t\t\t\t\t\t\tEn voiture\t\t\t\t\t\t<\/span>\n\t\t\t\t\t<\/h5>\n\t\t\t\t\n\t\t\t\t\t\t\t\t\t<p class=\"elementor-icon-box-description\">\n\t\t\t\t\t\tPlusieurs places ext\u00e9rieures autour de la Clinique des Acacias\n(Quai du Cheval-Blanc, Rue Caroline) \t\t\t\t\t<\/p>\n\t\t\t\t\n\t\t\t<\/div>\n\t\t\t\n\t\t<\/div>\n\t\t\t\t\t\t<\/div>\n\t\t\t\t<\/div>\n\t\t\t\t<div class=\"elementor-element elementor-element-ecf650e exad-sticky-section-no exad-glass-effect-no elementor-widget elementor-widget-spacer\" data-id=\"ecf650e\" data-element_type=\"widget\" data-e-type=\"widget\" data-widget_type=\"spacer.default\">\n\t\t\t\t<div class=\"elementor-widget-container\">\n\t\t\t\t\t\t\t<div class=\"elementor-spacer\">\n\t\t\t<div class=\"elementor-spacer-inner\"><\/div>\n\t\t<\/div>\n\t\t\t\t\t\t<\/div>\n\t\t\t\t<\/div>\n\t\t\t\t\t<\/div>\n\t\t<\/div>\n\t\t\t\t<div class=\"elementor-column elementor-col-50 elementor-top-column elementor-element elementor-element-71ce628 exad-glass-effect-no exad-sticky-section-no\" data-id=\"71ce628\" data-element_type=\"column\" data-e-type=\"column\">\n\t\t\t<div class=\"elementor-widget-wrap elementor-element-populated\">\n\t\t\t\t\t\t<section class=\"elementor-section elementor-inner-section elementor-element elementor-element-e9e4f0f elementor-section-boxed elementor-section-height-default elementor-section-height-default exad-glass-effect-no exad-sticky-section-no\" data-id=\"e9e4f0f\" data-element_type=\"section\" data-e-type=\"section\">\n\t\t\t\t\t\t<div class=\"elementor-container elementor-column-gap-wider\">\n\t\t\t\t\t<div class=\"elementor-column elementor-col-100 elementor-inner-column elementor-element elementor-element-8c8ba54 exad-glass-effect-no exad-sticky-section-no\" data-id=\"8c8ba54\" data-element_type=\"column\" data-e-type=\"column\">\n\t\t\t<div class=\"elementor-widget-wrap elementor-element-populated\">\n\t\t\t\t\t\t<div class=\"elementor-element elementor-element-5db40e9 exad-sticky-section-no exad-glass-effect-no elementor-widget elementor-widget-heading\" data-id=\"5db40e9\" data-element_type=\"widget\" data-e-type=\"widget\" data-widget_type=\"heading.default\">\n\t\t\t\t<div class=\"elementor-widget-container\">\n\t\t\t\t\t<h3 class=\"elementor-heading-title elementor-size-default\">POSTES A POURVOIR<\/h3>\t\t\t\t<\/div>\n\t\t\t\t<\/div>\n\t\t\t\t\t<\/div>\n\t\t<\/div>\n\t\t\t\t\t<\/div>\n\t\t<\/section>\n\t\t\t\t\t<\/div>\n\t\t<\/div>\n\t\t\t\t\t<\/div>\n\t\t<\/section>\n\t\t\t\t<section class=\"elementor-section elementor-top-section elementor-element elementor-element-amorku0 elementor-section-boxed elementor-section-height-default elementor-section-height-default exad-glass-effect-no exad-sticky-section-no\" data-id=\"amorku0\" data-element_type=\"section\" data-e-type=\"section\" data-settings=\"{&quot;background_background&quot;:&quot;classic&quot;}\">\n\t\t\t\t\t\t\t<div class=\"elementor-background-overlay\"><\/div>\n\t\t\t\t\t\t\t<div class=\"elementor-container elementor-column-gap-no\">\n\t\t\t\t\t<div class=\"elementor-column elementor-col-100 elementor-top-column elementor-element elementor-element-c9d7474 exad-glass-effect-no exad-sticky-section-no\" data-id=\"c9d7474\" data-element_type=\"column\" data-e-type=\"column\">\n\t\t\t<div class=\"elementor-widget-wrap\">\n\t\t\t\t\t\t\t<\/div>\n\t\t<\/div>\n\t\t\t\t\t<\/div>\n\t\t<\/section>\n\t\t\t\t<\/div>","protected":false},"excerpt":{"rendered":"<p>CARRI\u00c8RES \u00a0 La Clinique des Acacias est en permanence \u00e0 la recherche de nouveaux collaborateurs. Dans un cadre de travail agr\u00e9able, vous pourrez int\u00e9grer une \u00e9quipe m\u00e9dicale qui partage notre vision d\u2019offrir des soins de qualit\u00e9 \u00e0 notre patient\u00e8le. \u00a0 Pour Postuler \u00a0Merci de nous faire parvenir votre dossier de candidature complet avec un cv&hellip;&nbsp;<\/p>","protected":false},"author":1,"featured_media":0,"parent":0,"menu_order":0,"comment_status":"closed","ping_status":"closed","template":"","meta":{"_seopress_robots_primary_cat":"","_seopress_titles_title":"Carri\u00e8re - Offres d&#039;emplois de la Clinique des Acacias","_seopress_titles_desc":"La Clinique des Acacias est en permanence \u00e0 la recherche de nouveaux collaborateurs. Postulez d\u00e8s maintenant. Nos offres d&#039;emploi","_seopress_robots_index":"","_monsterinsights_skip_tracking":false,"_monsterinsights_sitenote_active":false,"_monsterinsights_sitenote_note":"","_monsterinsights_sitenote_category":0,"neve_meta_sidebar":"","neve_meta_container":"","neve_meta_enable_content_width":"","neve_meta_content_width":0,"neve_meta_title_alignment":"","neve_meta_author_avatar":"","neve_post_elements_order":"","neve_meta_disable_header":"","neve_meta_disable_footer":"","neve_meta_disable_title":"","footnotes":""},"class_list":["post-2059","page","type-page","status-publish","hentry"],"yoast_head":"<!-- This site is optimized with the Yoast SEO plugin v27.2 - https:\/\/yoast.com\/product\/yoast-seo-wordpress\/ -->\n<title>Carri\u00e8res - Clinique des Acacias<\/title>\n<meta name=\"description\" content=\"Nos offres d&#039;emplois. La Clinique des Acacias est en permanence \u00e0 la recherche de nouveaux collaborateurs. Postulez d\u00e8s maintenant.\" \/>\n<meta name=\"robots\" content=\"index, follow, max-snippet:-1, max-image-preview:large, max-video-preview:-1\" \/>\n<link rel=\"canonical\" href=\"https:\/\/cliniquedesacacias.ch\/en\/carriere-offres-demplois\/\" \/>\n<meta property=\"og:locale\" content=\"en_US\" \/>\n<meta property=\"og:type\" content=\"article\" \/>\n<meta property=\"og:title\" content=\"Carri\u00e8res - Clinique des Acacias\" \/>\n<meta property=\"og:description\" content=\"Nos offres d&#039;emplois. La Clinique des Acacias est en permanence \u00e0 la recherche de nouveaux collaborateurs. Postulez d\u00e8s maintenant.\" \/>\n<meta property=\"og:url\" content=\"https:\/\/cliniquedesacacias.ch\/en\/carriere-offres-demplois\/\" \/>\n<meta property=\"og:site_name\" content=\"Clinique des Acacias\" \/>\n<meta property=\"article:modified_time\" content=\"2025-09-04T10:48:15+00:00\" \/>\n<meta name=\"twitter:card\" content=\"summary_large_image\" \/>\n<meta name=\"twitter:label1\" content=\"Est. reading time\" \/>\n\t<meta name=\"twitter:data1\" content=\"1 minute\" \/>\n<script type=\"application\/ld+json\" class=\"yoast-schema-graph\">{\"@context\":\"https:\/\/schema.org\",\"@graph\":[{\"@type\":\"WebPage\",\"@id\":\"https:\/\/cliniquedesacacias.ch\/carriere-offres-demplois\",\"url\":\"https:\/\/cliniquedesacacias.ch\/carriere-offres-demplois\",\"name\":\"Carri\u00e8res - Clinique des Acacias\",\"isPartOf\":{\"@id\":\"https:\/\/cliniquedesacacias.ch\/#website\"},\"datePublished\":\"2023-08-14T14:52:04+00:00\",\"dateModified\":\"2025-09-04T10:48:15+00:00\",\"description\":\"Nos offres d'emplois. La Clinique des Acacias est en permanence \u00e0 la recherche de nouveaux collaborateurs. Postulez d\u00e8s maintenant.\",\"breadcrumb\":{\"@id\":\"https:\/\/cliniquedesacacias.ch\/carriere-offres-demplois#breadcrumb\"},\"inLanguage\":\"en-US\",\"potentialAction\":[{\"@type\":\"ReadAction\",\"target\":[\"https:\/\/cliniquedesacacias.ch\/carriere-offres-demplois\"]}]},{\"@type\":\"BreadcrumbList\",\"@id\":\"https:\/\/cliniquedesacacias.ch\/carriere-offres-demplois#breadcrumb\",\"itemListElement\":[{\"@type\":\"ListItem\",\"position\":1,\"name\":\"Accueil\",\"item\":\"https:\/\/cliniquedesacacias.ch\/\"},{\"@type\":\"ListItem\",\"position\":2,\"name\":\"Carri\u00e8res\"}]},{\"@type\":\"WebSite\",\"@id\":\"https:\/\/cliniquedesacacias.ch\/#website\",\"url\":\"https:\/\/cliniquedesacacias.ch\/\",\"name\":\"Clinique des Acacias\",\"description\":\"\",\"publisher\":{\"@id\":\"https:\/\/cliniquedesacacias.ch\/#organization\"},\"potentialAction\":[{\"@type\":\"SearchAction\",\"target\":{\"@type\":\"EntryPoint\",\"urlTemplate\":\"https:\/\/cliniquedesacacias.ch\/?s={search_term_string}\"},\"query-input\":{\"@type\":\"PropertyValueSpecification\",\"valueRequired\":true,\"valueName\":\"search_term_string\"}}],\"inLanguage\":\"en-US\"},{\"@type\":\"Organization\",\"@id\":\"https:\/\/cliniquedesacacias.ch\/#organization\",\"name\":\"Clinique des Acacias\",\"url\":\"https:\/\/cliniquedesacacias.ch\/\",\"logo\":{\"@type\":\"ImageObject\",\"inLanguage\":\"en-US\",\"@id\":\"https:\/\/cliniquedesacacias.ch\/#\/schema\/logo\/image\/\",\"url\":\"https:\/\/cliniquedesacacias.ch\/wp-content\/uploads\/2023\/06\/cropped-cropped-LOGO-OFF-1.png\",\"contentUrl\":\"https:\/\/cliniquedesacacias.ch\/wp-content\/uploads\/2023\/06\/cropped-cropped-LOGO-OFF-1.png\",\"width\":551,\"height\":500,\"caption\":\"Clinique des Acacias \"},\"image\":{\"@id\":\"https:\/\/cliniquedesacacias.ch\/#\/schema\/logo\/image\/\"}}]}<\/script>\n<!-- \/ Yoast SEO plugin. -->","yoast_head_json":{"title":"Carri\u00e8res - Clinique des Acacias","description":"Nos offres d'emplois. La Clinique des Acacias est en permanence \u00e0 la recherche de nouveaux collaborateurs. Postulez d\u00e8s maintenant.","robots":{"index":"index","follow":"follow","max-snippet":"max-snippet:-1","max-image-preview":"max-image-preview:large","max-video-preview":"max-video-preview:-1"},"canonical":"https:\/\/cliniquedesacacias.ch\/en\/carriere-offres-demplois\/","og_locale":"en_US","og_type":"article","og_title":"Carri\u00e8res - Clinique des Acacias","og_description":"Nos offres d'emplois. La Clinique des Acacias est en permanence \u00e0 la recherche de nouveaux collaborateurs. Postulez d\u00e8s maintenant.","og_url":"https:\/\/cliniquedesacacias.ch\/en\/carriere-offres-demplois\/","og_site_name":"Clinique des Acacias","article_modified_time":"2025-09-04T10:48:15+00:00","twitter_card":"summary_large_image","twitter_misc":{"Est. reading time":"1 minute"},"schema":{"@context":"https:\/\/schema.org","@graph":[{"@type":"WebPage","@id":"https:\/\/cliniquedesacacias.ch\/carriere-offres-demplois","url":"https:\/\/cliniquedesacacias.ch\/carriere-offres-demplois","name":"Carri\u00e8res - Clinique des Acacias","isPartOf":{"@id":"https:\/\/cliniquedesacacias.ch\/#website"},"datePublished":"2023-08-14T14:52:04+00:00","dateModified":"2025-09-04T10:48:15+00:00","description":"Nos offres d'emplois. La Clinique des Acacias est en permanence \u00e0 la recherche de nouveaux collaborateurs. Postulez d\u00e8s maintenant.","breadcrumb":{"@id":"https:\/\/cliniquedesacacias.ch\/carriere-offres-demplois#breadcrumb"},"inLanguage":"en-US","potentialAction":[{"@type":"ReadAction","target":["https:\/\/cliniquedesacacias.ch\/carriere-offres-demplois"]}]},{"@type":"BreadcrumbList","@id":"https:\/\/cliniquedesacacias.ch\/carriere-offres-demplois#breadcrumb","itemListElement":[{"@type":"ListItem","position":1,"name":"Accueil","item":"https:\/\/cliniquedesacacias.ch\/"},{"@type":"ListItem","position":2,"name":"Carri\u00e8res"}]},{"@type":"WebSite","@id":"https:\/\/cliniquedesacacias.ch\/#website","url":"https:\/\/cliniquedesacacias.ch\/","name":"Clinique des Acacias","description":"","publisher":{"@id":"https:\/\/cliniquedesacacias.ch\/#organization"},"potentialAction":[{"@type":"SearchAction","target":{"@type":"EntryPoint","urlTemplate":"https:\/\/cliniquedesacacias.ch\/?s={search_term_string}"},"query-input":{"@type":"PropertyValueSpecification","valueRequired":true,"valueName":"search_term_string"}}],"inLanguage":"en-US"},{"@type":"Organization","@id":"https:\/\/cliniquedesacacias.ch\/#organization","name":"Clinique des Acacias","url":"https:\/\/cliniquedesacacias.ch\/","logo":{"@type":"ImageObject","inLanguage":"en-US","@id":"https:\/\/cliniquedesacacias.ch\/#\/schema\/logo\/image\/","url":"https:\/\/cliniquedesacacias.ch\/wp-content\/uploads\/2023\/06\/cropped-cropped-LOGO-OFF-1.png","contentUrl":"https:\/\/cliniquedesacacias.ch\/wp-content\/uploads\/2023\/06\/cropped-cropped-LOGO-OFF-1.png","width":551,"height":500,"caption":"Clinique des Acacias "},"image":{"@id":"https:\/\/cliniquedesacacias.ch\/#\/schema\/logo\/image\/"}}]}},"_links":{"self":[{"href":"https:\/\/cliniquedesacacias.ch\/en\/wp-json\/wp\/v2\/pages\/2059","targetHints":{"allow":["GET"]}}],"collection":[{"href":"https:\/\/cliniquedesacacias.ch\/en\/wp-json\/wp\/v2\/pages"}],"about":[{"href":"https:\/\/cliniquedesacacias.ch\/en\/wp-json\/wp\/v2\/types\/page"}],"author":[{"embeddable":true,"href":"https:\/\/cliniquedesacacias.ch\/en\/wp-json\/wp\/v2\/users\/1"}],"replies":[{"embeddable":true,"href":"https:\/\/cliniquedesacacias.ch\/en\/wp-json\/wp\/v2\/comments?post=2059"}],"version-history":[{"count":63,"href":"https:\/\/cliniquedesacacias.ch\/en\/wp-json\/wp\/v2\/pages\/2059\/revisions"}],"predecessor-version":[{"id":3808,"href":"https:\/\/cliniquedesacacias.ch\/en\/wp-json\/wp\/v2\/pages\/2059\/revisions\/3808"}],"wp:attachment":[{"href":"https:\/\/cliniquedesacacias.ch\/en\/wp-json\/wp\/v2\/media?parent=2059"}],"curies":[{"name":"wp","href":"https:\/\/api.w.org\/{rel}","templated":true}]}}